{"id":46332,"date":"2025-03-17T13:04:20","date_gmt":"2025-03-17T12:04:20","guid":{"rendered":"https:\/\/www.miloszkorpol.com\/?page_id=46332"},"modified":"2025-06-23T14:18:54","modified_gmt":"2025-06-23T13:18:54","slug":"media","status":"publish","type":"page","link":"https:\/\/www.miloszkorpol.com\/en\/media\/","title":{"rendered":"Media"},"content":{"rendered":"<div data-elementor-type=\"wp-page\" data-elementor-id=\"46332\" class=\"elementor elementor-46332\" data-elementor-post-type=\"page\">\n\t\t\t\t\t\t<section class=\"elementor-section elementor-top-section elementor-element elementor-element-170a668 elementor-section-boxed elementor-section-height-default elementor-section-height-default sc_fly_static\" data-id=\"170a668\" data-element_type=\"section\">\n\t\t\t\t\t\t<div class=\"elementor-container elementor-column-gap-extended\">\n\t\t\t\t\t<div class=\"elementor-column elementor-col-100 elementor-top-column elementor-element elementor-element-4456366 sc_content_align_inherit sc_layouts_column_icons_position_left sc_fly_static\" data-id=\"4456366\" data-element_type=\"column\">\n\t\t\t<div class=\"elementor-widget-wrap elementor-element-populated\">\n\t\t\t\t\t\t<div class=\"elementor-element elementor-element-4b6a94c sc_height_huge sc_fly_static elementor-widget elementor-widget-spacer\" data-id=\"4b6a94c\" data-element_type=\"widget\" data-widget_type=\"spacer.default\">\n\t\t\t\t<div class=\"elementor-widget-container\">\n\t\t\t\t\t\t\t<div class=\"elementor-spacer\">\n\t\t\t<div class=\"elementor-spacer-inner\"><\/div>\n\t\t<\/div>\n\t\t\t\t\t\t<\/div>\n\t\t\t\t<\/div>\n\t\t\t\t\t<\/div>\n\t\t<\/div>\n\t\t\t\t\t<\/div>\n\t\t<\/section>\n\t\t\t\t<section class=\"elementor-section elementor-top-section elementor-element elementor-element-111dd66 elementor-section-boxed elementor-section-height-default elementor-section-height-default sc_fly_static\" data-id=\"111dd66\" data-element_type=\"section\">\n\t\t\t\t\t\t<div class=\"elementor-container elementor-column-gap-extended\">\n\t\t\t\t\t<div class=\"elementor-column elementor-col-50 elementor-top-column elementor-element elementor-element-0c73827 sc_content_align_inherit sc_layouts_column_icons_position_left sc_fly_static\" data-id=\"0c73827\" data-element_type=\"column\">\n\t\t\t<div class=\"elementor-widget-wrap elementor-element-populated\">\n\t\t\t\t\t\t<div data-animation-type=\"block\" class=\"elementor-element elementor-element-d3498d9 animated-slow animation_type_block sc_fly_static elementor-invisible elementor-widget elementor-widget-image\" data-id=\"d3498d9\" data-element_type=\"widget\" data-settings=\"{&quot;_animation&quot;:&quot;choreo-fadein&quot;}\" data-widget_type=\"image.default\">\n\t\t\t\t<div class=\"elementor-widget-container\">\n\t\t\t\t\t\t\t\t\t\t\t\t\t\t\t<img decoding=\"async\" src=\"https:\/\/www.miloszkorpol.com\/wp-content\/uploads\/elementor\/thumbs\/Kopia-image00002-1-scaled-r2zqahs3yiws6nf5ko5vo4h03nve1qbl7xpbiyoaww.jpeg\" title=\"Kopia image00002 (1)\" alt=\"Kopia image00002 (1)\" loading=\"lazy\" \/>\t\t\t\t\t\t\t\t\t\t\t\t\t\t\t<\/div>\n\t\t\t\t<\/div>\n\t\t\t\t<div data-animation-type=\"block\" class=\"elementor-element elementor-element-a4625cc animated-slow animation_type_block sc_fly_static elementor-invisible elementor-widget elementor-widget-trx_sc_title\" data-id=\"a4625cc\" data-element_type=\"widget\" data-settings=\"{&quot;_animation&quot;:&quot;choreo-fadein&quot;}\" data-widget_type=\"trx_sc_title.default\">\n\t\t\t\t<div class=\"elementor-widget-container\">\n\t\t\t\t\t<div\t\tclass=\"sc_title sc_title_default\" ><h1 class=\"sc_item_title sc_title_title sc_item_title_style_default sc_item_title_tag\"\n\t\t\t><span class=\"sc_item_title_text\">Video<\/span><\/h1><div class=\"sc_item_descr sc_title_descr\"><p>Sprawd\u017a moje materia\u0142y video.<\/p>\n<\/div><\/div>\t\t\t\t<\/div>\n\t\t\t\t<\/div>\n\t\t\t\t<div class=\"elementor-element elementor-element-f8c5e4a sc_fly_static elementor-widget elementor-widget-trx_sc_button\" data-id=\"f8c5e4a\" data-element_type=\"widget\" data-widget_type=\"trx_sc_button.default\">\n\t\t\t\t<div class=\"elementor-widget-container\">\n\t\t\t\t\t<div\tclass=\"sc_item_button sc_button_wrap\" ><a href=\"https:\/\/www.miloszkorpol.com\/en\/video\/\" class=\"sc_button sc_button_default sc_button_size_normal sc_button_icon_left\" ><span class=\"sc_button_text\"><span class=\"sc_button_title\">Zobacz video<\/span><\/span><\/a><\/div>\t\t\t\t<\/div>\n\t\t\t\t<\/div>\n\t\t\t\t\t<\/div>\n\t\t<\/div>\n\t\t\t\t<div class=\"elementor-column elementor-col-50 elementor-top-column elementor-element elementor-element-3fa40bc sc_content_align_inherit sc_layouts_column_icons_position_left sc_fly_static\" data-id=\"3fa40bc\" data-element_type=\"column\">\n\t\t\t<div class=\"elementor-widget-wrap elementor-element-populated\">\n\t\t\t\t\t\t<div class=\"elementor-element elementor-element-974184f sc_height_small sc_fly_static elementor-widget elementor-widget-spacer\" data-id=\"974184f\" data-element_type=\"widget\" data-widget_type=\"spacer.default\">\n\t\t\t\t<div class=\"elementor-widget-container\">\n\t\t\t\t\t\t\t<div class=\"elementor-spacer\">\n\t\t\t<div class=\"elementor-spacer-inner\"><\/div>\n\t\t<\/div>\n\t\t\t\t\t\t<\/div>\n\t\t\t\t<\/div>\n\t\t\t\t<div data-animation-type=\"block\" class=\"elementor-element elementor-element-d5b02cf animated-slow animation_type_block sc_fly_static elementor-invisible elementor-widget elementor-widget-trx_sc_title\" data-id=\"d5b02cf\" data-element_type=\"widget\" data-settings=\"{&quot;_animation&quot;:&quot;choreo-fadein&quot;}\" data-widget_type=\"trx_sc_title.default\">\n\t\t\t\t<div class=\"elementor-widget-container\">\n\t\t\t\t\t<div\t\tclass=\"sc_title sc_title_default\" ><h1 class=\"sc_item_title sc_title_title sc_item_title_style_default sc_item_title_tag\"\n\t\t\t><span class=\"sc_item_title_text\">Zdj\u0119cia<\/span><\/h1><div class=\"sc_item_descr sc_title_descr\"><p>Zobacz koniecznie moj\u0105 galeri\u0119 zdj\u0119\u0107.<\/p>\n<\/div><\/div>\t\t\t\t<\/div>\n\t\t\t\t<\/div>\n\t\t\t\t<div class=\"elementor-element elementor-element-66f528d sc_fly_static elementor-widget elementor-widget-trx_sc_button\" data-id=\"66f528d\" data-element_type=\"widget\" data-widget_type=\"trx_sc_button.default\">\n\t\t\t\t<div class=\"elementor-widget-container\">\n\t\t\t\t\t<div\tclass=\"sc_item_button sc_button_wrap\" ><a href=\"https:\/\/www.miloszkorpol.com\/en\/zdjecia\/\" class=\"sc_button sc_button_default sc_button_size_normal sc_button_icon_left\" ><span class=\"sc_button_text\"><span class=\"sc_button_title\">Galeria zdj\u0119\u0107<\/span><\/span><\/a><\/div>\t\t\t\t<\/div>\n\t\t\t\t<\/div>\n\t\t\t\t<div class=\"elementor-element elementor-element-48a5b63 sc_height_huge sc_fly_static elementor-widget elementor-widget-spacer\" data-id=\"48a5b63\" data-element_type=\"widget\" data-widget_type=\"spacer.default\">\n\t\t\t\t<div class=\"elementor-widget-container\">\n\t\t\t\t\t\t\t<div class=\"elementor-spacer\">\n\t\t\t<div class=\"elementor-spacer-inner\"><\/div>\n\t\t<\/div>\n\t\t\t\t\t\t<\/div>\n\t\t\t\t<\/div>\n\t\t\t\t<div data-animation-type=\"block\" class=\"elementor-element elementor-element-7800316 animated-slow animation_type_block sc_fly_static elementor-invisible elementor-widget elementor-widget-image\" data-id=\"7800316\" data-element_type=\"widget\" data-settings=\"{&quot;_animation&quot;:&quot;choreo-fadein&quot;,&quot;_animation_delay&quot;:100}\" data-widget_type=\"image.default\">\n\t\t\t\t<div class=\"elementor-widget-container\">\n\t\t\t\t\t\t\t\t\t\t\t\t\t\t\t<img fetchpriority=\"high\" decoding=\"async\" width=\"2048\" height=\"1377\" src=\"https:\/\/www.miloszkorpol.com\/wp-content\/uploads\/2025\/03\/3189.jpg\" class=\"attachment-full size-full wp-image-46337\" alt=\"\" srcset=\"https:\/\/www.miloszkorpol.com\/wp-content\/uploads\/2025\/03\/3189.jpg 2048w, https:\/\/www.miloszkorpol.com\/wp-content\/uploads\/2025\/03\/3189-300x202.jpg 300w, https:\/\/www.miloszkorpol.com\/wp-content\/uploads\/2025\/03\/3189-1024x689.jpg 1024w, https:\/\/www.miloszkorpol.com\/wp-content\/uploads\/2025\/03\/3189-768x516.jpg 768w, https:\/\/www.miloszkorpol.com\/wp-content\/uploads\/2025\/03\/3189-1536x1033.jpg 1536w, https:\/\/www.miloszkorpol.com\/wp-content\/uploads\/2025\/03\/3189-370x249.jpg 370w, https:\/\/www.miloszkorpol.com\/wp-content\/uploads\/2025\/03\/3189-840x565.jpg 840w, https:\/\/www.miloszkorpol.com\/wp-content\/uploads\/2025\/03\/3189-410x276.jpg 410w\" sizes=\"(max-width: 2048px) 100vw, 2048px\" \/>\t\t\t\t\t\t\t\t\t\t\t\t\t\t\t<\/div>\n\t\t\t\t<\/div>\n\t\t\t\t\t<\/div>\n\t\t<\/div>\n\t\t\t\t\t<\/div>\n\t\t<\/section>\n\t\t\t\t<\/div>","protected":false},"excerpt":{"rendered":"<p>Video Sprawd\u017a moje materia\u0142y video. Zobacz video Zdj\u0119cia Zobacz koniecznie moj\u0105 galeri\u0119 zdj\u0119\u0107. Galeria zdj\u0119\u0107<\/p>","protected":false},"author":1,"featured_media":0,"parent":0,"menu_order":0,"comment_status":"closed","ping_status":"closed","template":"","meta":{"footnotes":""},"class_list":["post-46332","page","type-page","status-publish","hentry"],"_links":{"self":[{"href":"https:\/\/www.miloszkorpol.com\/en\/wp-json\/wp\/v2\/pages\/46332"}],"collection":[{"href":"https:\/\/www.miloszkorpol.com\/en\/wp-json\/wp\/v2\/pages"}],"about":[{"href":"https:\/\/www.miloszkorpol.com\/en\/wp-json\/wp\/v2\/types\/page"}],"author":[{"embeddable":true,"href":"https:\/\/www.miloszkorpol.com\/en\/wp-json\/wp\/v2\/users\/1"}],"replies":[{"embeddable":true,"href":"https:\/\/www.miloszkorpol.com\/en\/wp-json\/wp\/v2\/comments?post=46332"}],"version-history":[{"count":19,"href":"https:\/\/www.miloszkorpol.com\/en\/wp-json\/wp\/v2\/pages\/46332\/revisions"}],"predecessor-version":[{"id":46409,"href":"https:\/\/www.miloszkorpol.com\/en\/wp-json\/wp\/v2\/pages\/46332\/revisions\/46409"}],"wp:attachment":[{"href":"https:\/\/www.miloszkorpol.com\/en\/wp-json\/wp\/v2\/media?parent=46332"}],"curies":[{"name":"wp","href":"https:\/\/api.w.org\/{rel}","templated":true}]}}